{"id":107535,"date":"2022-06-07T20:14:02","date_gmt":"2022-06-08T00:14:02","guid":{"rendered":"https:\/\/manoir.site-internet.ca\/about-us\/mission-fondation\/"},"modified":"2024-02-19T19:37:12","modified_gmt":"2024-02-20T00:37:12","slug":"mission-fondation","status":"publish","type":"page","link":"https:\/\/manoir.site-internet.ca\/en\/about-us\/mission-fondation\/","title":{"rendered":"Mission &#038; fondation"},"content":{"rendered":"<p>[et_pb_section fb_built=&#8221;1&#8243; bg_img_2=&#8221;https:\/\/manoir.site-internet.ca\/wp-content\/uploads\/2022\/05\/resort-02.jpg&#8221; use_background_color_gradient_2=&#8221;off&#8221; background_color_gradient_direction_2=&#8221;105deg&#8221; background_color_gradient_stops_2=&#8221;rgba(255,255,255,0.65) 0%|rgba(255,255,255,0) 76%&#8221; background_color_gradient_start_2=&#8221;rgba(255,255,255,0.65)&#8221; background_color_gradient_end_2=&#8221;rgba(255,255,255,0)&#8221; background_color_gradient_start_position_2=&#8221;0%&#8221; background_color_gradient_end_position_2=&#8221;76%&#8221; background_color_gradient_overlays_image_2=&#8221;on&#8221; admin_label=&#8221;Header&#8221; _builder_version=&#8221;4.17.4&#8243; _module_preset=&#8221;default&#8221; use_background_color_gradient=&#8221;on&#8221; background_color_gradient_stops=&#8221;rgba(255,255,255,0) 0%|rgba(0,31,99,0.47) 50%&#8221; background_color_gradient_overlays_image=&#8221;on&#8221; background_color_gradient_start=&#8221;rgba(255,255,255,0)&#8221; background_color_gradient_end=&#8221;rgba(0,31,99,0.47)&#8221; background_color_gradient_end_position=&#8221;50%&#8221; background_image=&#8221;https:\/\/manoir.site-internet.ca\/wp-content\/uploads\/2022\/06\/22861744_1466589310061735_2480763101470759430_o.jpg&#8221; custom_padding=&#8221;8vw|0px|0|0px|false|false&#8221; locked=&#8221;off&#8221; global_colors_info=&#8221;{}&#8221;][et_pb_row _builder_version=&#8221;4.16&#8243; _module_preset=&#8221;default&#8221; background_color=&#8221;#ffffff&#8221; max_width=&#8221;1160px&#8221; custom_padding=&#8221;|40px||40px||true&#8221; use_custom_width=&#8221;on&#8221; custom_width_px=&#8221;1160px&#8221; global_colors_info=&#8221;{}&#8221;][et_pb_column type=&#8221;4_4&#8243; _builder_version=&#8221;4.16&#8243; _module_preset=&#8221;default&#8221; custom_padding=&#8221;|||&#8221; global_colors_info=&#8221;{}&#8221; custom_padding__hover=&#8221;|||&#8221;][et_pb_text _builder_version=&#8221;4.17.4&#8243; _module_preset=&#8221;default&#8221; text_font=&#8221;Open Sans||||||||&#8221; text_line_height=&#8221;2em&#8221; header_font=&#8221;||||||||&#8221; header_text_color=&#8221;#000000&#8243; header_font_size=&#8221;5vw&#8221; header_line_height=&#8221;1.3em&#8221; header_2_font=&#8221;|700||on|||||&#8221; header_2_font_size=&#8221;16px&#8221; header_2_letter_spacing=&#8221;6px&#8221; header_2_line_height=&#8221;2em&#8221; header_3_font=&#8221;||||||||&#8221; max_width=&#8221;100%&#8221; custom_margin_tablet=&#8221;0vw||20px&#8221; header_font_size_tablet=&#8221;10vw&#8221; header_font_size_phone=&#8221;&#8221; header_font_size_last_edited=&#8221;on|phone&#8221; header_2_font_size_tablet=&#8221;&#8221; header_2_font_size_phone=&#8221;12px&#8221; header_2_font_size_last_edited=&#8221;on|phone&#8221; header_text_shadow_style=&#8221;preset3&#8243; header_text_shadow_vertical_length=&#8221;0.03em&#8221; header_text_shadow_color=&#8221;#ffffff&#8221; locked=&#8221;off&#8221; global_colors_info=&#8221;{}&#8221; header_3_font_size__hover=&#8221;22px&#8221; header_3_font_size__hover_enabled=&#8221;22px&#8221; header_3_letter_spacing__hover=&#8221;0px&#8221; header_3_letter_spacing__hover_enabled=&#8221;0px&#8221; header_3_line_height__hover=&#8221;1em&#8221; header_3_line_height__hover_enabled=&#8221;1em&#8221; header_3_text_shadow_style__hover=&#8221;none&#8221; header_3_text_shadow_style__hover_enabled=&#8221;none&#8221; header_3_text_shadow_color__hover=&#8221;rgba(0,0,0,0.4)&#8221; header_3_text_shadow_color__hover_enabled=&#8221;rgba(0,0,0,0.4)&#8221;]<\/p>\n<h1>Mission &amp; fondation<\/h1>\n<p>[\/et_pb_text][\/et_pb_column][\/et_pb_row][\/et_pb_section][et_pb_section fb_built=&#8221;1&#8243; admin_label=&#8221;Mission&#8221; _builder_version=&#8221;4.16&#8243; _module_preset=&#8221;default&#8221; custom_padding=&#8221;50.75px|0px|0|0px|false|false&#8221; global_colors_info=&#8221;{}&#8221;][et_pb_row _builder_version=&#8221;4.17.4&#8243; _module_preset=&#8221;default&#8221; global_colors_info=&#8221;{}&#8221;][et_pb_column type=&#8221;4_4&#8243; _builder_version=&#8221;4.16&#8243; _module_preset=&#8221;default&#8221; custom_padding=&#8221;|||&#8221; global_colors_info=&#8221;{}&#8221; custom_padding__hover=&#8221;|||&#8221;][et_pb_text _builder_version=&#8221;4.17.4&#8243; _module_preset=&#8221;default&#8221; text_font=&#8221;Open Sans||||||||&#8221; text_line_height=&#8221;2em&#8221; header_font=&#8221;||||||||&#8221; header_2_font=&#8221;Gilda Display||||||||&#8221; header_2_font_size=&#8221;60px&#8221; header_2_line_height=&#8221;1.2em&#8221; header_2_font_size_tablet=&#8221;40px&#8221; header_2_font_size_phone=&#8221;30px&#8221; header_2_font_size_last_edited=&#8221;on|phone&#8221; locked=&#8221;off&#8221; global_colors_info=&#8221;{}&#8221;]<\/p>\n<h2><span data-contrast=\"none\" xml:lang=\"FR-CA\" lang=\"FR-CA\" class=\"TextRun MacChromeBold SCXW90132450 BCX0\"><span class=\"NormalTextRun SCXW90132450 BCX0\">Bienvenue dans la premi\u00e8re h\u00f4tellerie sociale!<\/span><\/span><span class=\"EOP SCXW90132450 BCX0\" data-ccp-props=\"{&quot;201341983&quot;:1,&quot;335559739&quot;:0,&quot;335559740&quot;:280}\">\u00a0<\/span><\/h2>\n<p><span data-contrast=\"none\">Bienvenue \u00e0 l\u2019h\u00f4tel du manoir D\u2019Youville.\u202f<\/span><span data-ccp-props=\"{&quot;201341983&quot;:1,&quot;335559739&quot;:0,&quot;335559740&quot;:280}\">\u00a0<\/span><\/p>\n<p><span data-contrast=\"none\">Un site naturel enchanteur. Une \u00eele devenue refuge entre rivi\u00e8re et lac. Une histoire fa\u00e7onn\u00e9e par la bienveillance. De ces ingr\u00e9dients est n\u00e9e une mission inattendue pour un \u00e9tablissement h\u00f4telier, celle de favoriser le bien-\u00eatre,<\/span><span data-contrast=\"none\">\u202fla sant\u00e9 globale, physique et mentale,<\/span><span data-contrast=\"none\">\u202ftout en redonnant \u00e0 la communaut\u00e9.<\/span><span data-ccp-props=\"{&quot;201341983&quot;:1,&quot;335559739&quot;:0,&quot;335559740&quot;:280}\">\u00a0<\/span><\/p>\n<p><span data-contrast=\"none\">Ici, au-del\u00e0 du ressourcement que l\u2019on offre, l\u2019on donne du sens \u00e0 tout ce qui est fait et tout ce qui est entrepris doit avoir de la port\u00e9e. H\u00e9bergement, am\u00e9nagement, accueil, activit\u00e9s, \u00e9v\u00e9nements, restauration, gestion, principe d\u2019\u00e9conomie circulaire\u2026 Chaque \u00e9l\u00e9ment est pens\u00e9 vient contribuer \u00e0 l\u2019authenticit\u00e9 dans une syst\u00e9matique volont\u00e9 de retour aux sources,\u202fde partage et d\u2019entraide.<\/span><span data-ccp-props=\"{&quot;201341983&quot;:1,&quot;335559739&quot;:0,&quot;335559740&quot;:280}\">\u00a0<\/span><\/p>\n<p><span data-contrast=\"none\">Par exemple, clin d\u2019\u0153il \u00e0 l\u2019histoire, l\u2019\u00e9quipe a fait ressurgir de terre le jardin des S\u0153urs grises. Ce potager de 5 000 pieds carr\u00e9s produit ainsi les l\u00e9gumes qui sont cuisin\u00e9s au restaurant du Manoir et au bistro La Traite, o\u00f9 la mise en valeur des produits locaux est de rigueur.<\/span><span data-ccp-props=\"{&quot;201341983&quot;:1,&quot;335559739&quot;:0,&quot;335559740&quot;:280}\">\u00a0<\/span><\/p>\n<p><span data-contrast=\"none\">En 2022, le manoir s\u2019est m\u00eame associ\u00e9 au Centre int\u00e9gr\u00e9 de sant\u00e9 et de services sociaux de la Mont\u00e9r\u00e9gie-Ouest dans le cadre d\u2019un programme d\u2019int\u00e9gration au march\u00e9 du travail d\u2019une dizaine de jeunes atteints du spectre de l\u2019autisme et d\u2019une d\u00e9ficience intellectuelle.<\/span><span data-ccp-props=\"{&quot;201341983&quot;:1,&quot;335559739&quot;:0,&quot;335559740&quot;:280}\">\u00a0<\/span><\/p>\n<p>[\/et_pb_text][\/et_pb_column][\/et_pb_row][\/et_pb_section][et_pb_section fb_built=&#8221;1&#8243; _builder_version=&#8221;4.17.4&#8243; _module_preset=&#8221;default&#8221; background_image=&#8221;https:\/\/manoir.site-internet.ca\/wp-content\/uploads\/2022\/05\/28423449_1578698642184134_5764200879671351685_o.jpg&#8221; parallax=&#8221;on&#8221; width=&#8221;100%&#8221; custom_margin=&#8221;0px||0px||false|false&#8221; custom_padding=&#8221;0px||0px||false|false&#8221; global_colors_info=&#8221;{}&#8221;][et_pb_row _builder_version=&#8221;4.17.4&#8243; _module_preset=&#8221;default&#8221; width=&#8221;100%&#8221; max_width=&#8221;0px&#8221; min_height=&#8221;500px&#8221; height=&#8221;500px&#8221; max_height=&#8221;500px&#8221; custom_margin=&#8221;0px||0px||false|false&#8221; custom_padding=&#8221;0px||0px||false|false&#8221; global_colors_info=&#8221;{}&#8221;][et_pb_column type=&#8221;4_4&#8243; _builder_version=&#8221;4.17.4&#8243; _module_preset=&#8221;default&#8221; custom_padding=&#8221;0px|0px|0px|0px|false|false&#8221; global_colors_info=&#8221;{}&#8221;][\/et_pb_column][\/et_pb_row][\/et_pb_section][et_pb_section fb_built=&#8221;1&#8243; admin_label=&#8221;Fondation&#8221; _builder_version=&#8221;4.16&#8243; _module_preset=&#8221;default&#8221; custom_padding=&#8221;50.75px|0px|0|0px|false|false&#8221; global_colors_info=&#8221;{}&#8221;][et_pb_row _builder_version=&#8221;4.17.4&#8243; _module_preset=&#8221;default&#8221; global_colors_info=&#8221;{}&#8221;][et_pb_column type=&#8221;4_4&#8243; _builder_version=&#8221;4.16&#8243; _module_preset=&#8221;default&#8221; custom_padding=&#8221;|||&#8221; global_colors_info=&#8221;{}&#8221; custom_padding__hover=&#8221;|||&#8221;][et_pb_text _builder_version=&#8221;4.17.4&#8243; _module_preset=&#8221;default&#8221; text_font=&#8221;Open Sans||||||||&#8221; text_line_height=&#8221;2em&#8221; header_font=&#8221;||||||||&#8221; header_2_font=&#8221;Gilda Display||||||||&#8221; header_2_font_size=&#8221;60px&#8221; header_2_line_height=&#8221;1.2em&#8221; header_2_font_size_tablet=&#8221;40px&#8221; header_2_font_size_phone=&#8221;30px&#8221; header_2_font_size_last_edited=&#8221;on|phone&#8221; locked=&#8221;off&#8221; global_colors_info=&#8221;{}&#8221;]<\/p>\n<h2>The Foundation, a natural association<\/h2>\n<p>The management of the manor house and its development are in the hands of the Compagnom Foundation. Created in 2012 by Serge Choini\u00e8re, it carries out preventive health projects. In concrete terms, it offers respite and well-being to people struggling with mental health problems by offering them stays in hotel establishments.<\/p>\n<p>The tranquility of this exceptional place and the values drawn from history make the manor a favourite site for this foundation with an unconventional economic model: it finances its activities thanks to the establishments through which it carries them out.<\/p>\n<p>[\/et_pb_text][et_pb_image src=&#8221;https:\/\/manoir.site-internet.ca\/wp-content\/uploads\/2022\/06\/Compagnom_SocialMediasShare_Facebook.jpg&#8221; title_text=&#8221;Compagnom_SocialMediasShare_Facebook&#8221; url=&#8221;https:\/\/compagnom.org\/&#8221; url_new_window=&#8221;on&#8221; _builder_version=&#8221;4.17.4&#8243; _module_preset=&#8221;default&#8221; global_colors_info=&#8221;{}&#8221;][\/et_pb_image][\/et_pb_column][\/et_pb_row][\/et_pb_section][et_pb_section fb_built=&#8221;1&#8243; specialty=&#8221;on&#8221; custom_padding_last_edited=&#8221;on|desktop&#8221; use_background_color_gradient_2=&#8221;off&#8221; background_color_gradient_direction_2=&#8221;105deg&#8221; background_color_gradient_start_2=&#8221;rgba(255,255,255,0.65)&#8221; background_color_gradient_end_2=&#8221;rgba(255,255,255,0)&#8221; background_color_gradient_start_position_2=&#8221;0%&#8221; background_color_gradient_end_position_2=&#8221;76%&#8221; background_color_gradient_overlays_image_2=&#8221;on&#8221; padding_top_2=&#8221;0px&#8221; padding_bottom_1=&#8221;60px&#8221; admin_label=&#8221;Footer&#8221; module_class=&#8221; et_pb_specialty_fullwidth&#8221; _builder_version=&#8221;4.17.3&#8243; _module_preset=&#8221;default&#8221; background_enable_color=&#8221;off&#8221; inner_width=&#8221;89%&#8221; inner_width_tablet=&#8221;80%&#8221; inner_width_phone=&#8221;80%&#8221; inner_width_last_edited=&#8221;on|desktop&#8221; inner_max_width=&#8221;89%&#8221; inner_max_width_tablet=&#8221;80%&#8221; inner_max_width_phone=&#8221;80%&#8221; inner_max_width_last_edited=&#8221;on|desktop&#8221; custom_margin_tablet=&#8221;&#8221; custom_margin_phone=&#8221;&#8221; custom_margin_last_edited=&#8221;on|tablet&#8221; custom_padding=&#8221;0||0||false|false&#8221; custom_padding_tablet=&#8221;80px|0px||0px||true&#8221; custom_padding_phone=&#8221;80px|0px||0px|false|false&#8221; make_fullwidth=&#8221;on&#8221; locked=&#8221;off&#8221; global_colors_info=&#8221;{}&#8221;][et_pb_column type=&#8221;1_2&#8243; specialty_columns=&#8221;2&#8243; _builder_version=&#8221;4.16&#8243; _module_preset=&#8221;default&#8221; custom_padding=&#8221;|||&#8221; global_colors_info=&#8221;{}&#8221; custom_padding__hover=&#8221;|||&#8221;][et_pb_row_inner _builder_version=&#8221;4.16&#8243; _module_preset=&#8221;default&#8221; custom_padding=&#8221;0|0px|47.3594px|0px|false|false&#8221; locked=&#8221;off&#8221; global_colors_info=&#8221;{}&#8221;][et_pb_column_inner saved_specialty_column_type=&#8221;2_3&#8243; _builder_version=&#8221;4.16&#8243; _module_preset=&#8221;default&#8221; custom_padding=&#8221;|||&#8221; global_colors_info=&#8221;{}&#8221; custom_padding__hover=&#8221;|||&#8221;][et_pb_text _builder_version=&#8221;4.16&#8243; _module_preset=&#8221;default&#8221; global_colors_info=&#8221;{}&#8221;][\/et_pb_text][et_pb_text disabled_on=&#8221;on|on|on&#8221; _builder_version=&#8221;4.17.3&#8243; _module_preset=&#8221;default&#8221; text_font=&#8221;||||||||&#8221; header_2_font=&#8221;||||||||&#8221; header_2_font_size=&#8221;60px&#8221; header_2_line_height=&#8221;1.3em&#8221; header_3_font=&#8221;||||||||&#8221; header_6_font=&#8221;|700||on|||||&#8221; header_6_font_size=&#8221;16px&#8221; header_6_letter_spacing=&#8221;6px&#8221; header_6_line_height=&#8221;1.6em&#8221; header_2_font_size_tablet=&#8221;40px&#8221; header_2_font_size_phone=&#8221;30px&#8221; header_2_font_size_last_edited=&#8221;on|phone&#8221; disabled=&#8221;on&#8221; locked=&#8221;off&#8221; global_colors_info=&#8221;{}&#8221; header_3_font_size__hover=&#8221;22px&#8221; header_3_font_size__hover_enabled=&#8221;22px&#8221; header_3_letter_spacing__hover=&#8221;0px&#8221; header_3_letter_spacing__hover_enabled=&#8221;0px&#8221; header_3_line_height__hover=&#8221;1em&#8221; header_3_line_height__hover_enabled=&#8221;1em&#8221; header_3_text_shadow_style__hover=&#8221;none&#8221; header_3_text_shadow_style__hover_enabled=&#8221;none&#8221; header_3_text_shadow_color__hover=&#8221;rgba(0,0,0,0.4)&#8221; header_3_text_shadow_color__hover_enabled=&#8221;rgba(0,0,0,0.4)&#8221; header_font_size__hover=&#8221;30px&#8221; header_font_size__hover_enabled=&#8221;30px&#8221; header_letter_spacing__hover=&#8221;0px&#8221; header_letter_spacing__hover_enabled=&#8221;0px&#8221; header_text_shadow_style__hover=&#8221;none&#8221; header_text_shadow_style__hover_enabled=&#8221;none&#8221; header_text_shadow_color__hover=&#8221;rgba(0,0,0,0.4)&#8221; header_text_shadow_color__hover_enabled=&#8221;rgba(0,0,0,0.4)&#8221;]<\/p>\n<h6>Winter Rates<\/h6>\n<h2>Average $405\/night<\/h2>\n<p>[\/et_pb_text][et_pb_text _builder_version=&#8221;4.17.3&#8243; _module_preset=&#8221;default&#8221; custom_margin=&#8221;||||false|false&#8221; custom_padding=&#8221;||||false|false&#8221; global_colors_info=&#8221;{}&#8221;]<\/p>\n<h2>Lodging in Ch\u00e2teauguay, 20 minutes from Montreal<\/h2>\n<p>[\/et_pb_text][et_pb_text _builder_version=&#8221;4.17.3&#8243; _module_preset=&#8221;default&#8221; global_colors_info=&#8221;{}&#8221;]<\/p>\n<p>Located on <strong>Ch\u00e2teauguay&#8217;s \u00cele Saint-Bernard<\/strong>, on the shores of Lake Saint-Louis and only a stone&#8217;s throw from Montreal, the <strong>Manoir D&#8217;Youville hotel<\/strong> is an exceptional resort, featuring a <strong>115-room<\/strong> hotel and <strong>nine meeting rooms<\/strong>, rooted in an enchanting natural and heritage site conducive to relaxation and rejuvenation.\u2028 <\/p>\n<p>&nbsp;<\/p>\n<p>[\/et_pb_text][\/et_pb_column_inner][\/et_pb_row_inner][et_pb_row_inner column_structure=&#8221;1_3,1_3,1_3&#8243; _builder_version=&#8221;4.17.3&#8243; _module_preset=&#8221;default&#8221; custom_padding=&#8221;0|0px|0|0px|false|false&#8221; global_colors_info=&#8221;{}&#8221;][et_pb_column_inner type=&#8221;1_3&#8243; saved_specialty_column_type=&#8221;2_3&#8243; _builder_version=&#8221;4.16&#8243; _module_preset=&#8221;default&#8221; custom_padding=&#8221;|||&#8221; global_colors_info=&#8221;{}&#8221; custom_padding__hover=&#8221;|||&#8221;][et_pb_blurb title=&#8221;Manoir D&apos;Youville hotel&#8221; content_max_width=&#8221;1100px&#8221; _builder_version=&#8221;4.17.3&#8243; _module_preset=&#8221;default&#8221; header_font=&#8221;|600||on|||||&#8221; header_font_size=&#8221;14px&#8221; header_letter_spacing=&#8221;1px&#8221; header_line_height=&#8221;1.3em&#8221; body_font=&#8221;||||||||&#8221; body_text_color=&#8221;rgba(0,0,0,0.3)&#8221; link_option_url=&#8221;#&#8221; locked=&#8221;off&#8221; global_colors_info=&#8221;{}&#8221; icon_color__hover_enabled=&#8221;on&#8221; icon_color__hover=&#8221;#ff5900&#8243;]<\/p>\n<p>498, boul. D&#8217;Youville, Ch\u00e2teauguay, Qu\u00e9bec, J6J 5T9<\/p>\n<p>[\/et_pb_blurb][\/et_pb_column_inner][et_pb_column_inner type=&#8221;1_3&#8243; saved_specialty_column_type=&#8221;2_3&#8243; _builder_version=&#8221;4.16&#8243; _module_preset=&#8221;default&#8221; custom_padding=&#8221;|||&#8221; global_colors_info=&#8221;{}&#8221; custom_padding__hover=&#8221;|||&#8221;][et_pb_blurb title=&#8221;Contact us&#8221; content_max_width=&#8221;1100px&#8221; _builder_version=&#8221;4.17.3&#8243; _module_preset=&#8221;default&#8221; header_font=&#8221;|600||on|||||&#8221; header_font_size=&#8221;14px&#8221; header_letter_spacing=&#8221;1px&#8221; header_line_height=&#8221;1.3em&#8221; body_font=&#8221;||||||||&#8221; body_text_color=&#8221;rgba(0,0,0,0.3)&#8221; link_option_url=&#8221;#&#8221; locked=&#8221;off&#8221; global_colors_info=&#8221;{}&#8221; icon_color__hover_enabled=&#8221;on&#8221; icon_color__hover=&#8221;#ff5900&#8243;]<\/p>\n<p><a href=\"mailto:info@manoirdyouville.com\">info@manoirdyouville.com<\/a><br \/>1 844 900-8291<\/p>\n<p>[\/et_pb_blurb][\/et_pb_column_inner][et_pb_column_inner type=&#8221;1_3&#8243; saved_specialty_column_type=&#8221;2_3&#8243; _builder_version=&#8221;4.16&#8243; _module_preset=&#8221;default&#8221; custom_padding=&#8221;|||&#8221; global_colors_info=&#8221;{}&#8221; custom_padding__hover=&#8221;|||&#8221;][et_pb_button button_text=&#8221;Contact us&#8221; button_alignment=&#8221;left&#8221; _builder_version=&#8221;4.17.3&#8243; _module_preset=&#8221;default&#8221; custom_button=&#8221;on&#8221; button_text_size=&#8221;16px&#8221; button_text_color=&#8221;#FFFFFF&#8221; button_bg_color=&#8221;#BCA474&#8243; button_bg_color_gradient_direction=&#8221;190deg&#8221; button_bg_color_gradient_stops=&#8221;rgba(255,255,255,0) 0%|rgba(255,255,255,0.28) 100%&#8221; button_bg_color_gradient_start=&#8221;rgba(255,255,255,0)&#8221; button_bg_color_gradient_end=&#8221;rgba(255,255,255,0.28)&#8221; button_border_width=&#8221;0px&#8221; button_border_radius=&#8221;0px&#8221; button_font=&#8221;Open Sans|600|||||||&#8221; button_use_icon=&#8221;off&#8221; custom_margin=&#8221;|||||false&#8221; custom_padding=&#8221;||||false|true&#8221; locked=&#8221;off&#8221; global_colors_info=&#8221;{}&#8221; button_bg_color__hover_enabled=&#8221;on|hover&#8221; button_bg_color__hover=&#8221;rgba(71,71,71,0.56)&#8221; button_text_color__hover=&#8221;#0f87ff&#8221; button_bg_enable_color__hover=&#8221;on&#8221;][\/et_pb_button][\/et_pb_column_inner][\/et_pb_row_inner][et_pb_row_inner _builder_version=&#8221;4.16&#8243; _module_preset=&#8221;default&#8221; global_colors_info=&#8221;{}&#8221;][et_pb_column_inner saved_specialty_column_type=&#8221;2_3&#8243; _builder_version=&#8221;4.16&#8243; _module_preset=&#8221;default&#8221; custom_padding=&#8221;|||&#8221; global_colors_info=&#8221;{}&#8221; custom_padding__hover=&#8221;|||&#8221;][et_pb_social_media_follow _builder_version=&#8221;4.17.3&#8243; _module_preset=&#8221;default&#8221; border_radii=&#8221;on|0px|0px|0px|0px&#8221; global_colors_info=&#8221;{}&#8221;][et_pb_social_media_follow_network social_network=&#8221;facebook&#8221; _builder_version=&#8221;4.17.3&#8243; _module_preset=&#8221;default&#8221; background_color=&#8221;#BCA474&#8243; background_enable_color=&#8221;on&#8221; custom_margin=&#8221;|8px||||false&#8221; custom_padding=&#8221;6px|6px|6px|6px|true|true&#8221; global_colors_info=&#8221;{}&#8221; follow_button=&#8221;off&#8221; url_new_window=&#8221;on&#8221;]facebook[\/et_pb_social_media_follow_network][et_pb_social_media_follow_network social_network=&#8221;twitter&#8221; _builder_version=&#8221;4.17.3&#8243; _module_preset=&#8221;default&#8221; background_color=&#8221;#BCA474&#8243; background_enable_color=&#8221;on&#8221; custom_margin=&#8221;|8px||||false&#8221; custom_padding=&#8221;6px|6px|6px|6px|true|true&#8221; global_colors_info=&#8221;{}&#8221; follow_button=&#8221;off&#8221; url_new_window=&#8221;on&#8221;]twitter[\/et_pb_social_media_follow_network][et_pb_social_media_follow_network social_network=&#8221;instagram&#8221; _builder_version=&#8221;4.17.3&#8243; _module_preset=&#8221;default&#8221; background_color=&#8221;#BCA474&#8243; background_enable_color=&#8221;on&#8221; custom_margin=&#8221;|8px||||false&#8221; custom_padding=&#8221;6px|6px|6px|6px|true|true&#8221; global_colors_info=&#8221;{}&#8221; follow_button=&#8221;off&#8221; url_new_window=&#8221;on&#8221;]instagram[\/et_pb_social_media_follow_network][\/et_pb_social_media_follow][\/et_pb_column_inner][\/et_pb_row_inner][\/et_pb_column][et_pb_column type=&#8221;1_2&#8243; _builder_version=&#8221;4.16&#8243; _module_preset=&#8221;default&#8221; custom_padding=&#8221;|||&#8221; global_colors_info=&#8221;{}&#8221; custom_padding__hover=&#8221;|||&#8221;][et_pb_text _builder_version=&#8221;4.17.3&#8243; _module_preset=&#8221;default&#8221; text_font=&#8221;Open Sans|700||on|||||&#8221; text_text_color=&#8221;#ffffff&#8221; text_letter_spacing=&#8221;6px&#8221; text_line_height=&#8221;1.6em&#8221; background_color=&#8221;#BCA474&#8243; text_orientation=&#8221;center&#8221; custom_margin=&#8221;-40px||0px&#8221; custom_padding=&#8221;80px|40px|80px|40px|true|true&#8221; custom_padding_tablet=&#8221;40px||40px||true&#8221; custom_padding_phone=&#8221;&#8221; custom_padding_last_edited=&#8221;on|tablet&#8221; link_option_url=&#8221;#&#8221; box_shadow_style=&#8221;preset3&#8243; box_shadow_horizontal=&#8221;15px&#8221; box_shadow_vertical=&#8221;46px&#8221; box_shadow_blur=&#8221;64px&#8221; box_shadow_spread=&#8221;-20px&#8221; box_shadow_color=&#8221;rgba(1,4,66,0.44)&#8221; locked=&#8221;off&#8221; global_colors_info=&#8221;{}&#8221; text_text_color__hover=&#8221;#ffffff&#8221; background_color__hover=&#8221;#474747&#8243; background__hover_enabled=&#8221;on|hover&#8221; background_enable_color__hover=&#8221;on&#8221;]<\/p>\n<p>Book a stay<\/p>\n<p>[\/et_pb_text][et_pb_code _builder_version=&#8221;4.17.3&#8243; _module_preset=&#8221;default&#8221; filter_saturate=&#8221;128%&#8221; global_colors_info=&#8221;{}&#8221; filter_sepia=&#8221;42%&#8221; filter_brightness=&#8221;88%&#8221; filter_contrast=&#8221;110%&#8221;]<iframe src=\"https:\/\/www.google.com\/maps\/embed?pb=!1m18!1m12!1m3!1d2802.231014328538!2d-73.77268338425237!3d45.38451054677821!2m3!1f0!2f0!3f0!3m2!1i1024!2i768!4f13.1!3m3!1m2!1s0x4cc91570f597c3cd%3A0x6be9c42ecc71a47c!2sH%C3%B4tel%20Manoir%20D&#39;Youville!5e0!3m2!1sfr!2sca!4v1651774128011!5m2!1sfr!2sca\" width=\"100%\" height=\"450\" style=\"border:0;\" allowfullscreen=\"\" loading=\"lazy\" referrerpolicy=\"no-referrer-when-downgrade\"><\/iframe>[\/et_pb_code][\/et_pb_column][\/et_pb_section]<\/p>\n","protected":false},"excerpt":{"rendered":"<p>Mission &amp; fondationBienvenue dans la premi\u00e8re h\u00f4tellerie sociale!\u00a0 Bienvenue \u00e0 l\u2019h\u00f4tel du manoir D\u2019Youville.\u202f\u00a0 Un site naturel enchanteur. Une \u00eele devenue refuge entre rivi\u00e8re et lac. Une histoire fa\u00e7onn\u00e9e par la bienveillance. De ces ingr\u00e9dients est n\u00e9e une mission inattendue pour un \u00e9tablissement h\u00f4telier, celle de favoriser le bien-\u00eatre,\u202fla sant\u00e9 globale, physique et mentale,\u202ftout en [&hellip;]<\/p>\n","protected":false},"author":1,"featured_media":0,"parent":107346,"menu_order":0,"comment_status":"closed","ping_status":"closed","template":"","meta":{"_et_pb_use_builder":"on","_et_pb_old_content":"","_et_gb_content_width":"","footnotes":""},"_links":{"self":[{"href":"https:\/\/manoir.site-internet.ca\/en\/wp-json\/wp\/v2\/pages\/107535"}],"collection":[{"href":"https:\/\/manoir.site-internet.ca\/en\/wp-json\/wp\/v2\/pages"}],"about":[{"href":"https:\/\/manoir.site-internet.ca\/en\/wp-json\/wp\/v2\/types\/page"}],"author":[{"embeddable":true,"href":"https:\/\/manoir.site-internet.ca\/en\/wp-json\/wp\/v2\/users\/1"}],"replies":[{"embeddable":true,"href":"https:\/\/manoir.site-internet.ca\/en\/wp-json\/wp\/v2\/comments?post=107535"}],"version-history":[{"count":5,"href":"https:\/\/manoir.site-internet.ca\/en\/wp-json\/wp\/v2\/pages\/107535\/revisions"}],"predecessor-version":[{"id":107540,"href":"https:\/\/manoir.site-internet.ca\/en\/wp-json\/wp\/v2\/pages\/107535\/revisions\/107540"}],"up":[{"embeddable":true,"href":"https:\/\/manoir.site-internet.ca\/en\/wp-json\/wp\/v2\/pages\/107346"}],"wp:attachment":[{"href":"https:\/\/manoir.site-internet.ca\/en\/wp-json\/wp\/v2\/media?parent=107535"}],"curies":[{"name":"wp","href":"https:\/\/api.w.org\/{rel}","templated":true}]}}