{"id":107348,"date":"2023-09-12T18:59:45","date_gmt":"2023-09-12T22:59:45","guid":{"rendered":"https:\/\/manoir.site-internet.ca\/cremerie-chez-flo\/"},"modified":"2024-02-12T20:25:54","modified_gmt":"2024-02-13T01:25:54","slug":"cremerie-chez-flo","status":"publish","type":"page","link":"https:\/\/manoir.site-internet.ca\/en\/cremerie-chez-flo\/","title":{"rendered":"Cr\u00e8merie Chez Flo"},"content":{"rendered":"<p>[et_pb_section fb_built=&#8221;1&#8243; bg_img_2=&#8221;https:\/\/manoir.site-internet.ca\/wp-content\/uploads\/2022\/05\/resort-02.jpg&#8221; use_background_color_gradient_2=&#8221;off&#8221; background_color_gradient_direction_2=&#8221;105deg&#8221; background_color_gradient_stops_2=&#8221;rgba(255,255,255,0.65) 0%|rgba(255,255,255,0) 76%&#8221; background_color_gradient_start_2=&#8221;rgba(255,255,255,0.65)&#8221; background_color_gradient_end_2=&#8221;rgba(255,255,255,0)&#8221; background_color_gradient_start_position_2=&#8221;0%&#8221; background_color_gradient_end_position_2=&#8221;76%&#8221; background_color_gradient_overlays_image_2=&#8221;on&#8221; admin_label=&#8221;Header&#8221; _builder_version=&#8221;4.22.1&#8243; _module_preset=&#8221;default&#8221; use_background_color_gradient=&#8221;on&#8221; background_color_gradient_stops=&#8221;rgba(255,255,255,0) 0%|rgba(0,31,99,0.47) 50%&#8221; background_color_gradient_overlays_image=&#8221;on&#8221; background_color_gradient_start=&#8221;rgba(255,255,255,0)&#8221; background_color_gradient_end=&#8221;rgba(0,31,99,0.47)&#8221; background_color_gradient_end_position=&#8221;50%&#8221; background_image=&#8221;https:\/\/manoir.site-internet.ca\/wp-content\/uploads\/2023\/09\/Cremerie-Chez-flo-devant.jpg&#8221; background_position=&#8221;center_left&#8221; custom_padding=&#8221;20vw|0px|0|0px|false|false&#8221; global_colors_info=&#8221;{}&#8221;][et_pb_row custom_padding_last_edited=&#8221;on|desktop&#8221; _builder_version=&#8221;4.16&#8243; _module_preset=&#8221;default&#8221; background_color=&#8221;#ffffff&#8221; max_width=&#8221;1160px&#8221; custom_padding=&#8221;|40px||40px||true&#8221; custom_padding_tablet=&#8221;|20px||20px||true&#8221; custom_padding_phone=&#8221;&#8221; use_custom_width=&#8221;on&#8221; custom_width_px=&#8221;1160px&#8221; global_colors_info=&#8221;{}&#8221;][et_pb_column type=&#8221;4_4&#8243; _builder_version=&#8221;4.16&#8243; _module_preset=&#8221;default&#8221; custom_padding=&#8221;|||&#8221; global_colors_info=&#8221;{}&#8221; custom_padding__hover=&#8221;|||&#8221;][et_pb_text _builder_version=&#8221;4.23.1&#8243; _module_preset=&#8221;default&#8221; text_font=&#8221;Open Sans||||||||&#8221; text_line_height=&#8221;2em&#8221; header_font=&#8221;Gilda Display||||||||&#8221; header_text_color=&#8221;#000000&#8243; header_font_size=&#8221;5vw&#8221; header_line_height=&#8221;1.3em&#8221; header_2_font=&#8221;|700||on|||||&#8221; header_2_font_size=&#8221;16px&#8221; header_2_letter_spacing=&#8221;6px&#8221; header_2_line_height=&#8221;2em&#8221; header_3_font=&#8221;||||||||&#8221; max_width=&#8221;100%&#8221; custom_margin_tablet=&#8221;0vw||20px&#8221; custom_padding=&#8221;||0px|||&#8221; hover_enabled=&#8221;0&#8243; header_font_size_tablet=&#8221;10vw&#8221; header_font_size_phone=&#8221;&#8221; header_font_size_last_edited=&#8221;on|phone&#8221; header_2_font_size_tablet=&#8221;&#8221; header_2_font_size_phone=&#8221;12px&#8221; header_2_font_size_last_edited=&#8221;on|phone&#8221; header_text_shadow_style=&#8221;preset3&#8243; header_text_shadow_vertical_length=&#8221;0.03em&#8221; header_text_shadow_color=&#8221;#ffffff&#8221; locked=&#8221;off&#8221; global_colors_info=&#8221;{}&#8221; header_3_font_size__hover=&#8221;22px&#8221; header_3_font_size__hover_enabled=&#8221;22px&#8221; header_3_letter_spacing__hover=&#8221;0px&#8221; header_3_letter_spacing__hover_enabled=&#8221;0px&#8221; header_3_line_height__hover=&#8221;1em&#8221; header_3_line_height__hover_enabled=&#8221;1em&#8221; header_3_text_shadow_style__hover=&#8221;none&#8221; header_3_text_shadow_style__hover_enabled=&#8221;none&#8221; header_3_text_shadow_color__hover=&#8221;rgba(0,0,0,0.4)&#8221; header_3_text_shadow_color__hover_enabled=&#8221;rgba(0,0,0,0.4)&#8221; sticky_enabled=&#8221;0&#8243;]<\/p>\n<h1>Cr\u00e8merie Chez Flo<\/h1>\n<p>Manoir D&#8217;Youville will be opening a creamery on \u00cele St-Bernard in the century-old Villa Marguerite. Cr\u00e8merie Chez Flo is the perfect place to cool off and sweeten up this summer! Art exhibits and outdoor equipment such as Adirondack chairs, swings and picnic tables allow visitors to enjoy the cultural and natural riches of this enchanting setting. Everything you need for a unique family tasting experience!<\/p>\n<p><b> From Friday, June 2.<br \/>Open hours: until June 23, Friday to Sunday, 11:00 a.m. to 8:00 p.m.; from June 24, daily, 11:30 a.m. to 9:30 p.m.<\/b><\/p>\n<p><strong>Closed: Thanksgiving<\/strong><\/p>\n<p>[\/et_pb_text][et_pb_social_media_follow _builder_version=&#8221;4.22.1&#8243; _module_preset=&#8221;default&#8221; global_colors_info=&#8221;{}&#8221;][et_pb_social_media_follow_network social_network=&#8221;facebook&#8221; url=&#8221;https:\/\/www.facebook.com\/cremeriechezflo&#8221; _builder_version=&#8221;4.22.1&#8243; _module_preset=&#8221;default&#8221; background_color=&#8221;#3b5998&#8243; global_colors_info=&#8221;{}&#8221; follow_button=&#8221;off&#8221; url_new_window=&#8221;on&#8221;]facebook[\/et_pb_social_media_follow_network][\/et_pb_social_media_follow][\/et_pb_column][\/et_pb_row][\/et_pb_section][et_pb_section fb_built=&#8221;1&#8243; admin_label=&#8221;Gallery&#8221; _builder_version=&#8221;4.16&#8243; _module_preset=&#8221;default&#8221; background_color=&#8221;rgba(0,0,0,0)&#8221; custom_padding=&#8221;0|0px|54px|0px|false|false&#8221; global_colors_info=&#8221;{}&#8221;][et_pb_row _builder_version=&#8221;4.22.1&#8243; _module_preset=&#8221;default&#8221; custom_padding=&#8221;0|0px|27px|0px|false|false&#8221; global_colors_info=&#8221;{}&#8221;][et_pb_column type=&#8221;4_4&#8243; _builder_version=&#8221;4.16&#8243; _module_preset=&#8221;default&#8221; custom_padding=&#8221;|||&#8221; global_colors_info=&#8221;{}&#8221; custom_padding__hover=&#8221;|||&#8221;][et_pb_gallery gallery_ids=&#8221;106958,106959,106960,106961,106962,106963,106964&#8243; gallery_orderby=&#8221;rand&#8221; posts_number=&#8221;100&#8243; show_title_and_caption=&#8221;off&#8221; show_pagination=&#8221;off&#8221; _builder_version=&#8221;4.22.1&#8243; _module_preset=&#8221;default&#8221; global_colors_info=&#8221;{}&#8221;][\/et_pb_gallery][\/et_pb_column][\/et_pb_row][\/et_pb_section][et_pb_section fb_built=&#8221;1&#8243; fullwidth=&#8221;on&#8221; _builder_version=&#8221;4.16&#8243; _module_preset=&#8221;default&#8221; locked=&#8221;off&#8221; global_colors_info=&#8221;{}&#8221;][et_pb_fullwidth_image src=&#8221;https:\/\/manoir.site-internet.ca\/wp-content\/uploads\/2022\/07\/bord-du-lac-scaled-e1653574630239-resized.jpeg&#8221; title_text=&#8221;CREATOR: gd-jpeg v1.0 (using IJG JPEG v62), quality = 82&#8243; _builder_version=&#8221;4.17.4&#8243; _module_preset=&#8221;default&#8221; global_colors_info=&#8221;{}&#8221;][\/et_pb_fullwidth_image][\/et_pb_section][et_pb_section fb_built=&#8221;1&#8243; specialty=&#8221;on&#8221; custom_padding_last_edited=&#8221;on|desktop&#8221; use_background_color_gradient_2=&#8221;off&#8221; background_color_gradient_direction_2=&#8221;105deg&#8221; background_color_gradient_start_2=&#8221;rgba(255,255,255,0.65)&#8221; background_color_gradient_end_2=&#8221;rgba(255,255,255,0)&#8221; background_color_gradient_start_position_2=&#8221;0%&#8221; background_color_gradient_end_position_2=&#8221;76%&#8221; background_color_gradient_overlays_image_2=&#8221;on&#8221; padding_top_2=&#8221;0px&#8221; padding_bottom_1=&#8221;60px&#8221; admin_label=&#8221;Footer&#8221; module_class=&#8221; et_pb_specialty_fullwidth&#8221; _builder_version=&#8221;4.17.3&#8243; _module_preset=&#8221;default&#8221; background_enable_color=&#8221;off&#8221; inner_width=&#8221;89%&#8221; inner_width_tablet=&#8221;80%&#8221; inner_width_phone=&#8221;80%&#8221; inner_width_last_edited=&#8221;on|desktop&#8221; inner_max_width=&#8221;89%&#8221; inner_max_width_tablet=&#8221;80%&#8221; inner_max_width_phone=&#8221;80%&#8221; inner_max_width_last_edited=&#8221;on|desktop&#8221; custom_margin_tablet=&#8221;&#8221; custom_margin_phone=&#8221;&#8221; custom_margin_last_edited=&#8221;on|tablet&#8221; custom_padding=&#8221;0||0||false|false&#8221; custom_padding_tablet=&#8221;80px|0px||0px||true&#8221; custom_padding_phone=&#8221;80px|0px||0px|false|false&#8221; make_fullwidth=&#8221;on&#8221; locked=&#8221;off&#8221; global_colors_info=&#8221;{}&#8221;][et_pb_column type=&#8221;1_2&#8243; specialty_columns=&#8221;2&#8243; _builder_version=&#8221;4.16&#8243; _module_preset=&#8221;default&#8221; custom_padding=&#8221;|||&#8221; global_colors_info=&#8221;{}&#8221; custom_padding__hover=&#8221;|||&#8221;][et_pb_row_inner _builder_version=&#8221;4.16&#8243; _module_preset=&#8221;default&#8221; custom_padding=&#8221;0|0px|47.3594px|0px|false|false&#8221; locked=&#8221;off&#8221; global_colors_info=&#8221;{}&#8221;][et_pb_column_inner saved_specialty_column_type=&#8221;2_3&#8243; _builder_version=&#8221;4.16&#8243; _module_preset=&#8221;default&#8221; custom_padding=&#8221;|||&#8221; global_colors_info=&#8221;{}&#8221; custom_padding__hover=&#8221;|||&#8221;][et_pb_text _builder_version=&#8221;4.16&#8243; _module_preset=&#8221;default&#8221; global_colors_info=&#8221;{}&#8221;][\/et_pb_text][et_pb_text disabled_on=&#8221;on|on|on&#8221; _builder_version=&#8221;4.17.3&#8243; _module_preset=&#8221;default&#8221; text_font=&#8221;||||||||&#8221; header_2_font=&#8221;||||||||&#8221; header_2_font_size=&#8221;60px&#8221; header_2_line_height=&#8221;1.3em&#8221; header_3_font=&#8221;||||||||&#8221; header_6_font=&#8221;|700||on|||||&#8221; header_6_font_size=&#8221;16px&#8221; header_6_letter_spacing=&#8221;6px&#8221; header_6_line_height=&#8221;1.6em&#8221; header_2_font_size_tablet=&#8221;40px&#8221; header_2_font_size_phone=&#8221;30px&#8221; header_2_font_size_last_edited=&#8221;on|phone&#8221; disabled=&#8221;on&#8221; locked=&#8221;off&#8221; global_colors_info=&#8221;{}&#8221; header_3_font_size__hover=&#8221;22px&#8221; header_3_font_size__hover_enabled=&#8221;22px&#8221; header_3_letter_spacing__hover=&#8221;0px&#8221; header_3_letter_spacing__hover_enabled=&#8221;0px&#8221; header_3_line_height__hover=&#8221;1em&#8221; header_3_line_height__hover_enabled=&#8221;1em&#8221; header_3_text_shadow_style__hover=&#8221;none&#8221; header_3_text_shadow_style__hover_enabled=&#8221;none&#8221; header_3_text_shadow_color__hover=&#8221;rgba(0,0,0,0.4)&#8221; header_3_text_shadow_color__hover_enabled=&#8221;rgba(0,0,0,0.4)&#8221; header_font_size__hover=&#8221;30px&#8221; header_font_size__hover_enabled=&#8221;30px&#8221; header_letter_spacing__hover=&#8221;0px&#8221; header_letter_spacing__hover_enabled=&#8221;0px&#8221; header_text_shadow_style__hover=&#8221;none&#8221; header_text_shadow_style__hover_enabled=&#8221;none&#8221; header_text_shadow_color__hover=&#8221;rgba(0,0,0,0.4)&#8221; header_text_shadow_color__hover_enabled=&#8221;rgba(0,0,0,0.4)&#8221;]<\/p>\n<h6>Winter Rates<\/h6>\n<h2>Average $405\/night<\/h2>\n<p>[\/et_pb_text][et_pb_text _builder_version=&#8221;4.17.3&#8243; _module_preset=&#8221;default&#8221; custom_margin=&#8221;||||false|false&#8221; custom_padding=&#8221;||||false|false&#8221; global_colors_info=&#8221;{}&#8221;]<\/p>\n<h2>Lodging in Ch\u00e2teauguay, 20 minutes from Montreal<\/h2>\n<p>[\/et_pb_text][et_pb_text _builder_version=&#8221;4.17.3&#8243; _module_preset=&#8221;default&#8221; global_colors_info=&#8221;{}&#8221;]<\/p>\n<p> Located on <strong>Ch\u00e2teauguay&#8217;s \u00cele Saint-Bernard<\/strong>, on the shores of Lake Saint-Louis and only a stone&#8217;s throw from Montreal, the <strong>Manoir D&#8217;Youville hotel<\/strong> is an exceptional resort, featuring a <strong>115-room<\/strong> hotel and nine meeting rooms, rooted in an enchanting natural and heritage site conducive to relaxation and rejuvenation. <\/p>\n<p>&nbsp;<\/p>\n<p>[\/et_pb_text][\/et_pb_column_inner][\/et_pb_row_inner][et_pb_row_inner column_structure=&#8221;1_3,1_3,1_3&#8243; _builder_version=&#8221;4.17.3&#8243; _module_preset=&#8221;default&#8221; custom_padding=&#8221;0|0px|0|0px|false|false&#8221; global_colors_info=&#8221;{}&#8221;][et_pb_column_inner type=&#8221;1_3&#8243; saved_specialty_column_type=&#8221;2_3&#8243; _builder_version=&#8221;4.16&#8243; _module_preset=&#8221;default&#8221; custom_padding=&#8221;|||&#8221; global_colors_info=&#8221;{}&#8221; custom_padding__hover=&#8221;|||&#8221;][et_pb_blurb title=&#8221;Manoir D&apos;Youville hotel&#8221; content_max_width=&#8221;1100px&#8221; _builder_version=&#8221;4.17.3&#8243; _module_preset=&#8221;default&#8221; header_font=&#8221;|600||on|||||&#8221; header_font_size=&#8221;14px&#8221; header_letter_spacing=&#8221;1px&#8221; header_line_height=&#8221;1.3em&#8221; body_font=&#8221;||||||||&#8221; body_text_color=&#8221;rgba(0,0,0,0.3)&#8221; link_option_url=&#8221;#&#8221; locked=&#8221;off&#8221; global_colors_info=&#8221;{}&#8221; icon_color__hover_enabled=&#8221;on&#8221; icon_color__hover=&#8221;#ff5900&#8243;]<\/p>\n<p>498, boul. D&#8217;Youville, Ch\u00e2teauguay, Qu\u00e9bec, J6J 5T9<\/p>\n<p>[\/et_pb_blurb][\/et_pb_column_inner][et_pb_column_inner type=&#8221;1_3&#8243; saved_specialty_column_type=&#8221;2_3&#8243; _builder_version=&#8221;4.16&#8243; _module_preset=&#8221;default&#8221; custom_padding=&#8221;|||&#8221; global_colors_info=&#8221;{}&#8221; custom_padding__hover=&#8221;|||&#8221;][et_pb_blurb title=&#8221;Contact us&#8221; content_max_width=&#8221;1100px&#8221; _builder_version=&#8221;4.17.3&#8243; _module_preset=&#8221;default&#8221; header_font=&#8221;|600||on|||||&#8221; header_font_size=&#8221;14px&#8221; header_letter_spacing=&#8221;1px&#8221; header_line_height=&#8221;1.3em&#8221; body_font=&#8221;||||||||&#8221; body_text_color=&#8221;rgba(0,0,0,0.3)&#8221; link_option_url=&#8221;#&#8221; locked=&#8221;off&#8221; global_colors_info=&#8221;{}&#8221; icon_color__hover_enabled=&#8221;on&#8221; icon_color__hover=&#8221;#ff5900&#8243;]<\/p>\n<p><a href=\"mailto:info@manoirdyouville.com\">info@manoirdyouville.com<\/a><br \/>1 844 900-8291<\/p>\n<p>[\/et_pb_blurb][\/et_pb_column_inner][et_pb_column_inner type=&#8221;1_3&#8243; saved_specialty_column_type=&#8221;2_3&#8243; _builder_version=&#8221;4.16&#8243; _module_preset=&#8221;default&#8221; custom_padding=&#8221;|||&#8221; global_colors_info=&#8221;{}&#8221; custom_padding__hover=&#8221;|||&#8221;][et_pb_button button_text=&#8221;Contact us&#8221; button_alignment=&#8221;left&#8221; _builder_version=&#8221;4.17.3&#8243; _module_preset=&#8221;default&#8221; custom_button=&#8221;on&#8221; button_text_size=&#8221;16px&#8221; button_text_color=&#8221;#FFFFFF&#8221; button_bg_color=&#8221;#BCA474&#8243; button_bg_color_gradient_direction=&#8221;190deg&#8221; button_bg_color_gradient_stops=&#8221;rgba(255,255,255,0) 0%|rgba(255,255,255,0.28) 100%&#8221; button_bg_color_gradient_start=&#8221;rgba(255,255,255,0)&#8221; button_bg_color_gradient_end=&#8221;rgba(255,255,255,0.28)&#8221; button_border_width=&#8221;0px&#8221; button_border_radius=&#8221;0px&#8221; button_font=&#8221;Open Sans|600|||||||&#8221; button_use_icon=&#8221;off&#8221; custom_margin=&#8221;|||||false&#8221; custom_padding=&#8221;||||false|true&#8221; locked=&#8221;off&#8221; global_colors_info=&#8221;{}&#8221; button_bg_color__hover_enabled=&#8221;on|hover&#8221; button_bg_color__hover=&#8221;rgba(71,71,71,0.56)&#8221; button_text_color__hover=&#8221;#0f87ff&#8221; button_bg_enable_color__hover=&#8221;on&#8221;][\/et_pb_button][\/et_pb_column_inner][\/et_pb_row_inner][et_pb_row_inner _builder_version=&#8221;4.16&#8243; _module_preset=&#8221;default&#8221; global_colors_info=&#8221;{}&#8221;][et_pb_column_inner saved_specialty_column_type=&#8221;2_3&#8243; _builder_version=&#8221;4.16&#8243; _module_preset=&#8221;default&#8221; custom_padding=&#8221;|||&#8221; global_colors_info=&#8221;{}&#8221; custom_padding__hover=&#8221;|||&#8221;][et_pb_social_media_follow _builder_version=&#8221;4.17.3&#8243; _module_preset=&#8221;default&#8221; border_radii=&#8221;on|0px|0px|0px|0px&#8221; global_colors_info=&#8221;{}&#8221;][et_pb_social_media_follow_network social_network=&#8221;facebook&#8221; _builder_version=&#8221;4.17.3&#8243; _module_preset=&#8221;default&#8221; background_color=&#8221;#BCA474&#8243; background_enable_color=&#8221;on&#8221; custom_margin=&#8221;|8px||||false&#8221; custom_padding=&#8221;6px|6px|6px|6px|true|true&#8221; global_colors_info=&#8221;{}&#8221; follow_button=&#8221;off&#8221; url_new_window=&#8221;on&#8221;]facebook[\/et_pb_social_media_follow_network][et_pb_social_media_follow_network social_network=&#8221;twitter&#8221; _builder_version=&#8221;4.17.3&#8243; _module_preset=&#8221;default&#8221; background_color=&#8221;#BCA474&#8243; background_enable_color=&#8221;on&#8221; custom_margin=&#8221;|8px||||false&#8221; custom_padding=&#8221;6px|6px|6px|6px|true|true&#8221; global_colors_info=&#8221;{}&#8221; follow_button=&#8221;off&#8221; url_new_window=&#8221;on&#8221;]twitter[\/et_pb_social_media_follow_network][et_pb_social_media_follow_network social_network=&#8221;instagram&#8221; _builder_version=&#8221;4.17.3&#8243; _module_preset=&#8221;default&#8221; background_color=&#8221;#BCA474&#8243; background_enable_color=&#8221;on&#8221; custom_margin=&#8221;|8px||||false&#8221; custom_padding=&#8221;6px|6px|6px|6px|true|true&#8221; global_colors_info=&#8221;{}&#8221; follow_button=&#8221;off&#8221; url_new_window=&#8221;on&#8221;]instagram[\/et_pb_social_media_follow_network][\/et_pb_social_media_follow][\/et_pb_column_inner][\/et_pb_row_inner][\/et_pb_column][et_pb_column type=&#8221;1_2&#8243; _builder_version=&#8221;4.16&#8243; _module_preset=&#8221;default&#8221; custom_padding=&#8221;|||&#8221; global_colors_info=&#8221;{}&#8221; custom_padding__hover=&#8221;|||&#8221;][et_pb_text _builder_version=&#8221;4.17.3&#8243; _module_preset=&#8221;default&#8221; text_font=&#8221;Open Sans|700||on|||||&#8221; text_text_color=&#8221;#ffffff&#8221; text_letter_spacing=&#8221;6px&#8221; text_line_height=&#8221;1.6em&#8221; background_color=&#8221;#BCA474&#8243; text_orientation=&#8221;center&#8221; custom_margin=&#8221;-40px||0px&#8221; custom_padding=&#8221;80px|40px|80px|40px|true|true&#8221; custom_padding_tablet=&#8221;40px||40px||true&#8221; custom_padding_phone=&#8221;&#8221; custom_padding_last_edited=&#8221;on|tablet&#8221; link_option_url=&#8221;#&#8221; box_shadow_style=&#8221;preset3&#8243; box_shadow_horizontal=&#8221;15px&#8221; box_shadow_vertical=&#8221;46px&#8221; box_shadow_blur=&#8221;64px&#8221; box_shadow_spread=&#8221;-20px&#8221; box_shadow_color=&#8221;rgba(1,4,66,0.44)&#8221; locked=&#8221;off&#8221; global_colors_info=&#8221;{}&#8221; text_text_color__hover=&#8221;#ffffff&#8221; background_color__hover=&#8221;#474747&#8243; background__hover_enabled=&#8221;on|hover&#8221; background_enable_color__hover=&#8221;on&#8221;]<\/p>\n<p>Book a stay<\/p>\n<p>[\/et_pb_text][et_pb_code _builder_version=&#8221;4.17.3&#8243; _module_preset=&#8221;default&#8221; filter_saturate=&#8221;128%&#8221; filter_brightness=&#8221;88%&#8221; filter_contrast=&#8221;110%&#8221; filter_sepia=&#8221;42%&#8221; global_colors_info=&#8221;{}&#8221;]<iframe src=\"https:\/\/www.google.com\/maps\/embed?pb=!1m18!1m12!1m3!1d2802.231014328538!2d-73.77268338425237!3d45.38451054677821!2m3!1f0!2f0!3f0!3m2!1i1024!2i768!4f13.1!3m3!1m2!1s0x4cc91570f597c3cd%3A0x6be9c42ecc71a47c!2sH%C3%B4tel%20Manoir%20D&#39;Youville!5e0!3m2!1sfr!2sca!4v1651774128011!5m2!1sfr!2sca\" width=\"100%\" height=\"450\" style=\"border:0;\" allowfullscreen=\"\" loading=\"lazy\" referrerpolicy=\"no-referrer-when-downgrade\"><\/iframe>[\/et_pb_code][\/et_pb_column][\/et_pb_section]<\/p>\n","protected":false},"excerpt":{"rendered":"<p>Cr\u00e8merie Chez Flo Manoir D&#8217;Youville will be opening a creamery on \u00cele St-Bernard in the century-old Villa Marguerite. Cr\u00e8merie Chez Flo is the perfect place to cool off and sweeten up this summer! Art exhibits and outdoor equipment such as Adirondack chairs, swings and picnic tables allow visitors to enjoy the cultural and natural riches [&hellip;]<\/p>\n","protected":false},"author":1,"featured_media":0,"parent":0,"menu_order":0,"comment_status":"closed","ping_status":"closed","template":"","meta":{"_et_pb_use_builder":"on","_et_pb_old_content":"","_et_gb_content_width":"","footnotes":""},"_links":{"self":[{"href":"https:\/\/manoir.site-internet.ca\/en\/wp-json\/wp\/v2\/pages\/107348"}],"collection":[{"href":"https:\/\/manoir.site-internet.ca\/en\/wp-json\/wp\/v2\/pages"}],"about":[{"href":"https:\/\/manoir.site-internet.ca\/en\/wp-json\/wp\/v2\/types\/page"}],"author":[{"embeddable":true,"href":"https:\/\/manoir.site-internet.ca\/en\/wp-json\/wp\/v2\/users\/1"}],"replies":[{"embeddable":true,"href":"https:\/\/manoir.site-internet.ca\/en\/wp-json\/wp\/v2\/comments?post=107348"}],"version-history":[{"count":11,"href":"https:\/\/manoir.site-internet.ca\/en\/wp-json\/wp\/v2\/pages\/107348\/revisions"}],"predecessor-version":[{"id":107371,"href":"https:\/\/manoir.site-internet.ca\/en\/wp-json\/wp\/v2\/pages\/107348\/revisions\/107371"}],"wp:attachment":[{"href":"https:\/\/manoir.site-internet.ca\/en\/wp-json\/wp\/v2\/media?parent=107348"}],"curies":[{"name":"wp","href":"https:\/\/api.w.org\/{rel}","templated":true}]}}